{"id":3,"date":"2023-11-06T15:25:23","date_gmt":"2023-11-06T15:25:23","guid":{"rendered":"https:\/\/palveluskoiratapahtuma.fi\/?page_id=3"},"modified":"2023-11-27T16:26:03","modified_gmt":"2023-11-27T14:26:03","slug":"privacy-policy","status":"publish","type":"page","link":"https:\/\/palveluskoiratapahtuma.fi\/?page_id=3","title":{"rendered":"Tietosuojaseloste"},"content":{"rendered":"\n<p><strong>Keit\u00e4 olemme<\/strong><br>Sivustomme osoite on: https:\/\/palveluskoiratapahtuma.fi.<\/p>\n\n\n\n<p><strong>Media<\/strong><br>Kaikki kuvat on tekij\u00e4noikeuden lain nojalla suojattu.<\/p>\n\n\n\n<p><strong>Ev\u00e4steet<\/strong><br>Jos j\u00e4t\u00e4t kommentin sivustollemme, voit valita tallentavasi nimesi, s\u00e4hk\u00f6postiosoitteesi ja verkkosivustosi ev\u00e4steisiin. N\u00e4m\u00e4 ovat mukavuuttasi varten, jotta sinun ei tarvitse t\u00e4ytt\u00e4\u00e4 tietojasi uudelleen j\u00e4tt\u00e4ess\u00e4si toisen kommentin. N\u00e4m\u00e4 ev\u00e4steet s\u00e4ilyv\u00e4t vuoden ajan.<\/p>\n\n\n\n<p>Jos vierailet kirjautumissivullamme, asetamme tilap\u00e4isen ev\u00e4steen selvitt\u00e4\u00e4ksemme, hyv\u00e4ksyyk\u00f6 selaimesi ev\u00e4steet. T\u00e4m\u00e4 ev\u00e4ste ei sis\u00e4ll\u00e4 henkil\u00f6kohtaisia tietoja ja se poistetaan, kun suljet selaimesi.<\/p>\n\n\n\n<p>Kun kirjaudut sis\u00e4\u00e4n, asetamme my\u00f6s useita ev\u00e4steit\u00e4 tallentaaksemme kirjautumistietosi ja n\u00e4ytt\u00f6valintojesi tiedot. Kirjautumisev\u00e4steet s\u00e4ilyv\u00e4t kaksi p\u00e4iv\u00e4\u00e4 ja n\u00e4ytt\u00f6valintoja koskevat ev\u00e4steet s\u00e4ilyv\u00e4t vuoden. Jos valitset &#8221;Muista minut&#8221;, kirjautumisesi s\u00e4ilyy kahden viikon ajan. Jos kirjaudut ulos tililt\u00e4si, kirjautumisev\u00e4steet poistetaan.<\/p>\n\n\n\n<p>Jos muokkaat tai julkaiset artikkelin, selaimeesi tallennetaan lis\u00e4ev\u00e4ste. T\u00e4m\u00e4 ev\u00e4ste ei sis\u00e4ll\u00e4 henkil\u00f6kohtaisia tietoja, vaan se osoittaa vain muokkaamasi artikkelin tunnisteen (ID). Ev\u00e4ste vanhenee vuorokaudessa.<\/p>\n\n\n\n<p><strong>Upotettu sis\u00e4lt\u00f6 muilta verkkosivuilta<br><\/strong>T\u00e4ll\u00e4 sivustolla olevat artikkelit voivat sis\u00e4lt\u00e4\u00e4 upotettua sis\u00e4lt\u00f6\u00e4 (esim. videoita, kuvia, artikkeleita jne.). Muilta verkkosivuilta per\u00e4isin oleva upotettu sis\u00e4lt\u00f6 k\u00e4ytt\u00e4ytyy t\u00e4sm\u00e4lleen samalla tavalla kuin jos vierailija olisi vieraillut kyseisell\u00e4 toisella verkkosivustolla.<\/p>\n\n\n\n<p>N\u00e4m\u00e4 verkkosivustot voivat ker\u00e4t\u00e4 tietoja sinusta, k\u00e4ytt\u00e4\u00e4 ev\u00e4steit\u00e4, upottaa lis\u00e4\u00e4 kolmannen osapuolen seurantaa ja seurata vuorovaikutustasi kyseisen upotetun sis\u00e4ll\u00f6n kanssa, mukaan lukien vuorovaikutuksesi upotetun sis\u00e4ll\u00f6n kanssa, jos sinulla on tili ja olet kirjautuneena sis\u00e4\u00e4n kyseisell\u00e4 verkkosivustolla.<\/p>\n\n\n\n<p><strong>Kenen kanssa jaamme tietosi<\/strong><br>Jos pyyd\u00e4t salasanan palautusta, IP-osoitteesi sis\u00e4llytet\u00e4\u00e4n palautusviestiin.<\/p>\n\n\n\n<p><strong>Kuinka kauan s\u00e4ilyt\u00e4mme tietojasi<\/strong><br>Jos j\u00e4t\u00e4t kommentin, kommentti ja sen metatiedot s\u00e4ilytet\u00e4\u00e4n toistaiseksi. T\u00e4m\u00e4 on tehty sen varmistamiseksi, ett\u00e4 voimme tunnistaa ja hyv\u00e4ksy\u00e4 automaattisesti kaikki mahdolliset seuraavat kommentit sen sijaan, ett\u00e4 pid\u00e4tt\u00e4isimme ne moderaatioketjussa.<\/p>\n\n\n\n<p>K\u00e4ytt\u00e4jille, jotka rekister\u00f6ityv\u00e4t verkkosivuillemme (jos sellaisia on), tallennamme my\u00f6s heid\u00e4n antamansa henkil\u00f6tiedot k\u00e4ytt\u00e4j\u00e4profiiliinsa. Kaikki k\u00e4ytt\u00e4j\u00e4t voivat n\u00e4hd\u00e4, muokata tai poistaa henkil\u00f6tietonsa milloin tahansa (paitsi k\u00e4ytt\u00e4j\u00e4tunnusta, jota he eiv\u00e4t voi muuttaa). Verkkosivuston yll\u00e4pit\u00e4j\u00e4t voivat my\u00f6s n\u00e4hd\u00e4 ja muokata n\u00e4it\u00e4 tietoja.<\/p>\n\n\n\n<p><strong>Mitk\u00e4 oikeudet sinulla on tietojesi suhteen<\/strong><br>Jos sinulla on tili t\u00e4ll\u00e4 sivustolla tai olet j\u00e4tt\u00e4nyt kommentteja, voit pyyt\u00e4\u00e4 saada itsellesi viet\u00e4v\u00e4n tiedoston, joka sis\u00e4lt\u00e4\u00e4 kaikki sinusta tallennetut henkil\u00f6tiedot, mukaan lukien ne tiedot, jotka olet meille antanut. Voit my\u00f6s pyyt\u00e4\u00e4 meit\u00e4 poistamaan kaikki sinusta tallennetut henkil\u00f6tiedot. T\u00e4m\u00e4 ei koske mit\u00e4\u00e4n tietoja, joita meid\u00e4n on s\u00e4ilytett\u00e4v\u00e4 hallinnollisista, oikeudellisista tai turvallisuuteen liittyvist\u00e4 syist\u00e4.<\/p>\n\n\n\n<p><strong>Mihin tietosi l\u00e4hetet\u00e4\u00e4n<\/strong><br>Vierailijoiden kommentteja voidaan tarkistaa automaattisen roskapostin havaitsemispalvelun kautta.<\/p>\n","protected":false},"excerpt":{"rendered":"<p>Keit\u00e4 olemmeSivustomme osoite on: https:\/\/palveluskoiratapahtuma.fi. MediaKaikki kuvat on tekij\u00e4noikeuden lain nojalla suojattu. Ev\u00e4steetJos j\u00e4t\u00e4t kommentin sivustollemme, voit valita tallentavasi nimesi, s\u00e4hk\u00f6postiosoitteesi ja verkkosivustosi ev\u00e4steisiin. N\u00e4m\u00e4 ovat mukavuuttasi varten, jotta sinun ei tarvitse t\u00e4ytt\u00e4\u00e4 tietojasi uudelleen j\u00e4tt\u00e4ess\u00e4si toisen kommentin. N\u00e4m\u00e4 ev\u00e4steet s\u00e4ilyv\u00e4t vuoden ajan. Jos vierailet kirjautumissivullamme, asetamme tilap\u00e4isen ev\u00e4steen selvitt\u00e4\u00e4ksemme, hyv\u00e4ksyyk\u00f6 selaimesi ev\u00e4steet. T\u00e4m\u00e4 ev\u00e4ste ei sis\u00e4ll\u00e4 henkil\u00f6kohtaisia tietoja ja se poistetaan, kun suljet selaimesi. Kun kirjaudut sis\u00e4\u00e4n, asetamme my\u00f6s useita ev\u00e4steit\u00e4 tallentaaksemme kirjautumistietosi ja n\u00e4ytt\u00f6valintojesi tiedot. Kirjautumisev\u00e4steet s\u00e4ilyv\u00e4t kaksi p\u00e4iv\u00e4\u00e4 ja n\u00e4ytt\u00f6valintoja koskevat ev\u00e4steet s\u00e4ilyv\u00e4t vuoden. Jos valitset &#8221;Muista minut&#8221;, kirjautumisesi s\u00e4ilyy kahden viikon ajan. Jos kirjaudut ulos tililt\u00e4si, kirjautumisev\u00e4steet poistetaan. Jos muokkaat tai julkaiset artikkelin, selaimeesi tallennetaan lis\u00e4ev\u00e4ste. T\u00e4m\u00e4 ev\u00e4ste ei sis\u00e4ll\u00e4 henkil\u00f6kohtaisia tietoja, vaan se osoittaa vain muokkaamasi artikkelin tunnisteen (ID). Ev\u00e4ste vanhenee vuorokaudessa. Upotettu sis\u00e4lt\u00f6 muilta verkkosivuiltaT\u00e4ll\u00e4 sivustolla olevat artikkelit voivat sis\u00e4lt\u00e4\u00e4 upotettua sis\u00e4lt\u00f6\u00e4 (esim. videoita, kuvia, artikkeleita jne.). Muilta verkkosivuilta per\u00e4isin oleva upotettu sis\u00e4lt\u00f6 k\u00e4ytt\u00e4ytyy t\u00e4sm\u00e4lleen samalla tavalla kuin jos vierailija olisi vieraillut kyseisell\u00e4 toisella verkkosivustolla. N\u00e4m\u00e4 verkkosivustot voivat ker\u00e4t\u00e4 tietoja sinusta, k\u00e4ytt\u00e4\u00e4 ev\u00e4steit\u00e4, upottaa lis\u00e4\u00e4 kolmannen osapuolen seurantaa ja seurata vuorovaikutustasi kyseisen upotetun sis\u00e4ll\u00f6n kanssa, mukaan lukien vuorovaikutuksesi upotetun sis\u00e4ll\u00f6n kanssa, jos sinulla on tili ja olet kirjautuneena sis\u00e4\u00e4n kyseisell\u00e4 verkkosivustolla. Kenen kanssa jaamme tietosiJos pyyd\u00e4t salasanan palautusta, IP-osoitteesi sis\u00e4llytet\u00e4\u00e4n palautusviestiin. Kuinka kauan s\u00e4ilyt\u00e4mme tietojasiJos j\u00e4t\u00e4t kommentin, kommentti ja sen metatiedot s\u00e4ilytet\u00e4\u00e4n toistaiseksi. T\u00e4m\u00e4 on tehty sen varmistamiseksi, ett\u00e4 voimme tunnistaa ja hyv\u00e4ksy\u00e4 automaattisesti kaikki mahdolliset seuraavat kommentit sen sijaan, ett\u00e4 pid\u00e4tt\u00e4isimme ne moderaatioketjussa. K\u00e4ytt\u00e4jille, jotka rekister\u00f6ityv\u00e4t verkkosivuillemme (jos sellaisia on), tallennamme my\u00f6s heid\u00e4n antamansa henkil\u00f6tiedot k\u00e4ytt\u00e4j\u00e4profiiliinsa. Kaikki k\u00e4ytt\u00e4j\u00e4t voivat n\u00e4hd\u00e4, muokata tai poistaa henkil\u00f6tietonsa milloin tahansa (paitsi k\u00e4ytt\u00e4j\u00e4tunnusta, jota he eiv\u00e4t voi muuttaa). Verkkosivuston yll\u00e4pit\u00e4j\u00e4t voivat my\u00f6s n\u00e4hd\u00e4 ja muokata n\u00e4it\u00e4 tietoja. Mitk\u00e4 oikeudet sinulla on tietojesi suhteenJos sinulla on tili t\u00e4ll\u00e4 sivustolla tai olet j\u00e4tt\u00e4nyt kommentteja, voit pyyt\u00e4\u00e4 saada itsellesi viet\u00e4v\u00e4n tiedoston, joka sis\u00e4lt\u00e4\u00e4 kaikki sinusta tallennetut henkil\u00f6tiedot, mukaan lukien ne tiedot, jotka olet meille antanut. Voit my\u00f6s pyyt\u00e4\u00e4 meit\u00e4 poistamaan kaikki sinusta tallennetut henkil\u00f6tiedot. T\u00e4m\u00e4 ei koske mit\u00e4\u00e4n tietoja, joita meid\u00e4n on s\u00e4ilytett\u00e4v\u00e4 hallinnollisista, oikeudellisista tai turvallisuuteen liittyvist\u00e4 syist\u00e4. Mihin tietosi l\u00e4hetet\u00e4\u00e4nVierailijoiden kommentteja voidaan tarkistaa automaattisen roskapostin havaitsemispalvelun kautta.<\/p>\n","protected":false},"author":1,"featured_media":0,"parent":0,"menu_order":0,"comment_status":"closed","ping_status":"open","template":"","meta":{"_acf_changed":false,"footnotes":""},"class_list":["post-3","page","type-page","status-publish","hentry"],"acf":[],"_links":{"self":[{"href":"https:\/\/palveluskoiratapahtuma.fi\/index.php?rest_route=\/wp\/v2\/pages\/3","targetHints":{"allow":["GET"]}}],"collection":[{"href":"https:\/\/palveluskoiratapahtuma.fi\/index.php?rest_route=\/wp\/v2\/pages"}],"about":[{"href":"https:\/\/palveluskoiratapahtuma.fi\/index.php?rest_route=\/wp\/v2\/types\/page"}],"author":[{"embeddable":true,"href":"https:\/\/palveluskoiratapahtuma.fi\/index.php?rest_route=\/wp\/v2\/users\/1"}],"replies":[{"embeddable":true,"href":"https:\/\/palveluskoiratapahtuma.fi\/index.php?rest_route=%2Fwp%2Fv2%2Fcomments&post=3"}],"version-history":[{"count":6,"href":"https:\/\/palveluskoiratapahtuma.fi\/index.php?rest_route=\/wp\/v2\/pages\/3\/revisions"}],"predecessor-version":[{"id":182,"href":"https:\/\/palveluskoiratapahtuma.fi\/index.php?rest_route=\/wp\/v2\/pages\/3\/revisions\/182"}],"wp:attachment":[{"href":"https:\/\/palveluskoiratapahtuma.fi\/index.php?rest_route=%2Fwp%2Fv2%2Fmedia&parent=3"}],"curies":[{"name":"wp","href":"https:\/\/api.w.org\/{rel}","templated":true}]}}